{"id":12925,"date":"2023-09-20T14:13:54","date_gmt":"2023-09-20T12:13:54","guid":{"rendered":"https:\/\/www.ultramaille.com\/plan-de-formation\/"},"modified":"2024-07-25T08:57:29","modified_gmt":"2024-07-25T06:57:29","slug":"plan-de-formation","status":"publish","type":"page","link":"https:\/\/www.ultramaille.com\/mg\/plan-de-formation\/","title":{"rendered":"Plan de Formation"},"content":{"rendered":"\t\t<div data-elementor-type=\"wp-page\" data-elementor-id=\"12925\" class=\"elementor elementor-12925 elementor-6518\" data-elementor-post-type=\"page\">\n\t\t\t\t\t\t<section class=\"elementor-section elementor-top-section elementor-element elementor-element-f64d2d8 elementor-section-height-min-height bgHedIntern elementor-section-boxed elementor-section-height-default elementor-section-items-middle\" data-id=\"f64d2d8\" data-element_type=\"section\" data-e-type=\"section\" data-settings=\"{&quot;background_background&quot;:&quot;classic&quot;}\">\n\t\t\t\t\t\t\t<div class=\"elementor-background-overlay\"><\/div>\n\t\t\t\t\t\t\t<div class=\"elementor-container elementor-column-gap-default\">\n\t\t\t\t\t<div class=\"elementor-column elementor-col-100 elementor-top-column elementor-element elementor-element-fec6bb2\" data-id=\"fec6bb2\" data-element_type=\"column\" data-e-type=\"column\">\n\t\t\t<div class=\"elementor-widget-wrap elementor-element-populated\">\n\t\t\t\t\t\t<div class=\"elementor-element elementor-element-d470b3b elementor-widget elementor-widget-heading\" data-id=\"d470b3b\" data-element_type=\"widget\" data-e-type=\"widget\" data-widget_type=\"heading.default\">\n\t\t\t\t<div class=\"elementor-widget-container\">\n\t\t\t\t\t<h1 class=\"elementor-heading-title elementor-size-default\">Plan de formation<\/h1>\t\t\t\t<\/div>\n\t\t\t\t<\/div>\n\t\t\t\t\t<\/div>\n\t\t<\/div>\n\t\t\t\t\t<\/div>\n\t\t<\/section>\n\t\t\t\t<section class=\"elementor-section elementor-top-section elementor-element elementor-element-51e5509 sectionBglingrey elementor-section-boxed elementor-section-height-default elementor-section-height-default\" data-id=\"51e5509\" data-element_type=\"section\" data-e-type=\"section\" data-settings=\"{&quot;background_background&quot;:&quot;gradient&quot;}\">\n\t\t\t\t\t\t<div class=\"elementor-container elementor-column-gap-default\">\n\t\t\t\t\t<div class=\"elementor-column elementor-col-100 elementor-top-column elementor-element elementor-element-3bbd8df\" data-id=\"3bbd8df\" data-element_type=\"column\" data-e-type=\"column\">\n\t\t\t<div class=\"elementor-widget-wrap elementor-element-populated\">\n\t\t\t\t\t\t<section class=\"elementor-section elementor-inner-section elementor-element elementor-element-156050f elementor-reverse-mobile elementor-section-boxed elementor-section-height-default elementor-section-height-default\" data-id=\"156050f\" data-element_type=\"section\" data-e-type=\"section\">\n\t\t\t\t\t\t<div class=\"elementor-container elementor-column-gap-default\">\n\t\t\t\t\t<div class=\"elementor-column elementor-col-50 elementor-inner-column elementor-element elementor-element-394b822 animated-slow elementor-invisible\" data-id=\"394b822\" data-element_type=\"column\" data-e-type=\"column\" data-settings=\"{&quot;animation&quot;:&quot;bounceInRight&quot;}\">\n\t\t\t<div class=\"elementor-widget-wrap elementor-element-populated\">\n\t\t\t\t\t\t<div class=\"elementor-element elementor-element-4c78f6c elementor-widget__width-auto elementor-widget-divider--view-line elementor-widget elementor-widget-divider\" data-id=\"4c78f6c\" data-element_type=\"widget\" data-e-type=\"widget\" data-widget_type=\"divider.default\">\n\t\t\t\t<div class=\"elementor-widget-container\">\n\t\t\t\t\t\t\t<div class=\"elementor-divider\">\n\t\t\t<span class=\"elementor-divider-separator\">\n\t\t\t\t\t\t<\/span>\n\t\t<\/div>\n\t\t\t\t\t\t<\/div>\n\t\t\t\t<\/div>\n\t\t\t\t<div class=\"elementor-element elementor-element-aa3133b elementor-widget__width-auto fnt35p elementor-widget elementor-widget-heading\" data-id=\"aa3133b\" data-element_type=\"widget\" data-e-type=\"widget\" data-widget_type=\"heading.default\">\n\t\t\t\t<div class=\"elementor-widget-container\">\n\t\t\t\t\t<h2 class=\"elementor-heading-title elementor-size-default\">Formation<\/h2>\t\t\t\t<\/div>\n\t\t\t\t<\/div>\n\t\t\t\t<div class=\"elementor-element elementor-element-cd1766b elementor-widget__width-auto fnt20p elementor-widget elementor-widget-heading\" data-id=\"cd1766b\" data-element_type=\"widget\" data-e-type=\"widget\" data-widget_type=\"heading.default\">\n\t\t\t\t<div class=\"elementor-widget-container\">\n\t\t\t\t\t<h2 class=\"elementor-heading-title elementor-size-default\">Moins de la moiti\u00e9 des travailleurs ont d\u00e9j\u00e0 b\u00e9n\u00e9fici\u00e9 d\u2019une formation<\/h2>\t\t\t\t<\/div>\n\t\t\t\t<\/div>\n\t\t\t\t<div class=\"elementor-element elementor-element-7fb5f28 fnt20p elementor-widget elementor-widget-heading\" data-id=\"7fb5f28\" data-element_type=\"widget\" data-e-type=\"widget\" data-widget_type=\"heading.default\">\n\t\t\t\t<div class=\"elementor-widget-container\">\n\t\t\t\t\t<h3 class=\"elementor-heading-title elementor-size-default\">Une am\u00e9lioration continue du capital humain\u2026<\/h3>\t\t\t\t<\/div>\n\t\t\t\t<\/div>\n\t\t\t\t<div class=\"elementor-element elementor-element-cca3400 elementor-widget elementor-widget-text-editor\" data-id=\"cca3400\" data-element_type=\"widget\" data-e-type=\"widget\" data-widget_type=\"text-editor.default\">\n\t\t\t\t<div class=\"elementor-widget-container\">\n\t\t\t\t\t\t\t\t\t<p><span class=\"chiffrePourcent\">70%<\/span> des employ\u00e9s ont vu leurs missions \u00e9volu\u00e9 depuis leur arriv\u00e9e dans l\u2019entreprise<\/p>\n\t\t\t\t\t\t\t\t<\/div>\n\t\t\t\t<\/div>\n\t\t\t\t<div class=\"elementor-element elementor-element-2c36928 proG1 elementor-widget elementor-widget-progress\" data-id=\"2c36928\" data-element_type=\"widget\" data-e-type=\"widget\" data-widget_type=\"progress.default\">\n\t\t\t\t<div class=\"elementor-widget-container\">\n\t\t\t\t\t\n\t\t<div class=\"elementor-progress-wrapper\" role=\"progressbar\" aria-valuemin=\"0\" aria-valuemax=\"100\" aria-valuenow=\"70\">\n\t\t\t<div class=\"elementor-progress-bar\" data-max=\"70\">\n\t\t\t\t<span class=\"elementor-progress-text\"><\/span>\n\t\t\t\t\t\t\t<\/div>\n\t\t<\/div>\n\t\t\t\t\t\t<\/div>\n\t\t\t\t<\/div>\n\t\t\t\t<div class=\"elementor-element elementor-element-d059a8f elementor-widget elementor-widget-text-editor\" data-id=\"d059a8f\" data-element_type=\"widget\" data-e-type=\"widget\" data-widget_type=\"text-editor.default\">\n\t\t\t\t<div class=\"elementor-widget-container\">\n\t\t\t\t\t\t\t\t\t<p><span class=\"chiffrePourcent\">46%<\/span> des employ\u00e9s ont b\u00e9n\u00e9fici\u00e9 d\u2019au moins une formation depuis leur arriv\u00e9e dans l\u2019entreprise<\/p>\n\t\t\t\t\t\t\t\t<\/div>\n\t\t\t\t<\/div>\n\t\t\t\t<div class=\"elementor-element elementor-element-8d89db6 proG1 elementor-widget elementor-widget-progress\" data-id=\"8d89db6\" data-element_type=\"widget\" data-e-type=\"widget\" data-widget_type=\"progress.default\">\n\t\t\t\t<div class=\"elementor-widget-container\">\n\t\t\t\t\t\n\t\t<div class=\"elementor-progress-wrapper\" role=\"progressbar\" aria-valuemin=\"0\" aria-valuemax=\"100\" aria-valuenow=\"46\">\n\t\t\t<div class=\"elementor-progress-bar\" data-max=\"46\">\n\t\t\t\t<span class=\"elementor-progress-text\"><\/span>\n\t\t\t\t\t\t\t<\/div>\n\t\t<\/div>\n\t\t\t\t\t\t<\/div>\n\t\t\t\t<\/div>\n\t\t\t\t<div class=\"elementor-element elementor-element-fbfff4e elementor-widget elementor-widget-text-editor\" data-id=\"fbfff4e\" data-element_type=\"widget\" data-e-type=\"widget\" data-widget_type=\"text-editor.default\">\n\t\t\t\t<div class=\"elementor-widget-container\">\n\t\t\t\t\t\t\t\t\t<p><span class=\"chiffrePourcent\">69%<\/span> des employ\u00e9s ont suivi une formation pour la premi\u00e8re fois dans le cadre de leur emploi<\/p>\n\t\t\t\t\t\t\t\t<\/div>\n\t\t\t\t<\/div>\n\t\t\t\t<div class=\"elementor-element elementor-element-ba7fefa proG1 elementor-widget elementor-widget-progress\" data-id=\"ba7fefa\" data-element_type=\"widget\" data-e-type=\"widget\" data-widget_type=\"progress.default\">\n\t\t\t\t<div class=\"elementor-widget-container\">\n\t\t\t\t\t\n\t\t<div class=\"elementor-progress-wrapper\" role=\"progressbar\" aria-valuemin=\"0\" aria-valuemax=\"100\" aria-valuenow=\"69\">\n\t\t\t<div class=\"elementor-progress-bar\" data-max=\"69\">\n\t\t\t\t<span class=\"elementor-progress-text\"><\/span>\n\t\t\t\t\t\t\t<\/div>\n\t\t<\/div>\n\t\t\t\t\t\t<\/div>\n\t\t\t\t<\/div>\n\t\t\t\t\t<\/div>\n\t\t<\/div>\n\t\t\t\t<div class=\"elementor-column elementor-col-50 elementor-inner-column elementor-element elementor-element-dd2a04c\" data-id=\"dd2a04c\" data-element_type=\"column\" data-e-type=\"column\">\n\t\t\t<div class=\"elementor-widget-wrap elementor-element-populated\">\n\t\t\t\t\t\t<div class=\"elementor-element elementor-element-7aac5d8 elementor-widget elementor-widget-image\" data-id=\"7aac5d8\" data-element_type=\"widget\" data-e-type=\"widget\" data-widget_type=\"image.default\">\n\t\t\t\t<div class=\"elementor-widget-container\">\n\t\t\t\t\t\t\t\t\t\t\t\t\t\t\t\t<a href=\"https:\/\/www.ultramaille.com\/wp-content\/uploads\/2022\/10\/Formation-1.jpg\" data-elementor-open-lightbox=\"yes\" data-elementor-lightbox-title=\"Formation, Ultramaille\" data-e-action-hash=\"#elementor-action%3Aaction%3Dlightbox%26settings%3DeyJpZCI6MTA1MDYsInVybCI6Imh0dHBzOlwvXC93d3cudWx0cmFtYWlsbGUuY29tXC93cC1jb250ZW50XC91cGxvYWRzXC8yMDIyXC8xMFwvRm9ybWF0aW9uLTEuanBnIn0%3D\">\n\t\t\t\t\t\t\t<img fetchpriority=\"high\" decoding=\"async\" width=\"843\" height=\"563\" src=\"https:\/\/www.ultramaille.com\/wp-content\/uploads\/2022\/10\/Formation-1.jpg\" class=\"attachment-full size-full wp-image-10506\" alt=\"Formation, Ultramaille\" srcset=\"https:\/\/www.ultramaille.com\/wp-content\/uploads\/2022\/10\/Formation-1.jpg 843w, https:\/\/www.ultramaille.com\/wp-content\/uploads\/2022\/10\/Formation-1-300x200.jpg 300w, https:\/\/www.ultramaille.com\/wp-content\/uploads\/2022\/10\/Formation-1-768x513.jpg 768w\" sizes=\"(max-width: 843px) 100vw, 843px\" \/>\t\t\t\t\t\t\t\t<\/a>\n\t\t\t\t\t\t\t\t\t\t\t\t\t\t\t<\/div>\n\t\t\t\t<\/div>\n\t\t\t\t\t<\/div>\n\t\t<\/div>\n\t\t\t\t\t<\/div>\n\t\t<\/section>\n\t\t\t\t\t<\/div>\n\t\t<\/div>\n\t\t\t\t\t<\/div>\n\t\t<\/section>\n\t\t\t\t<section class=\"elementor-section elementor-top-section elementor-element elementor-element-4a98cb9 elementor-section-full_width elementor-section-height-default elementor-section-height-default\" data-id=\"4a98cb9\" data-element_type=\"section\" data-e-type=\"section\">\n\t\t\t\t\t\t<div class=\"elementor-container elementor-column-gap-default\">\n\t\t\t\t\t<div class=\"elementor-column elementor-col-100 elementor-top-column elementor-element elementor-element-25891bd\" data-id=\"25891bd\" data-element_type=\"column\" data-e-type=\"column\">\n\t\t\t<div class=\"elementor-widget-wrap elementor-element-populated\">\n\t\t\t\t\t\t<section class=\"elementor-section elementor-inner-section elementor-element elementor-element-b7f53e0 elementor-section-boxed elementor-section-height-default elementor-section-height-default\" data-id=\"b7f53e0\" data-element_type=\"section\" data-e-type=\"section\">\n\t\t\t\t\t\t<div class=\"elementor-container elementor-column-gap-default\">\n\t\t\t\t\t<div class=\"elementor-column elementor-col-100 elementor-inner-column elementor-element elementor-element-6e9d5d5\" data-id=\"6e9d5d5\" data-element_type=\"column\" data-e-type=\"column\">\n\t\t\t<div class=\"elementor-widget-wrap elementor-element-populated\">\n\t\t\t\t\t\t<div class=\"elementor-element elementor-element-b20dcb5 fnt20p elementor-widget elementor-widget-heading\" data-id=\"b20dcb5\" data-element_type=\"widget\" data-e-type=\"widget\" data-widget_type=\"heading.default\">\n\t\t\t\t<div class=\"elementor-widget-container\">\n\t\t\t\t\t<h3 class=\"elementor-heading-title elementor-size-default\">\u2026qui permet un \u00e9panouissement dans les t\u00e2ches confi\u00e9es:<\/h3>\t\t\t\t<\/div>\n\t\t\t\t<\/div>\n\t\t\t\t<div class=\"elementor-element elementor-element-c3255c1 elementor-widget elementor-widget-text-editor\" data-id=\"c3255c1\" data-element_type=\"widget\" data-e-type=\"widget\" data-widget_type=\"text-editor.default\">\n\t\t\t\t<div class=\"elementor-widget-container\">\n\t\t\t\t\t\t\t\t\t<p><span class=\"chiffrePourcent\">83%<\/span> sont satisfaits des responsabilit\u00e9s confi\u00e9es et sont int\u00e9ress\u00e9s par leurs missions<\/p>\n\t\t\t\t\t\t\t\t<\/div>\n\t\t\t\t<\/div>\n\t\t\t\t<div class=\"elementor-element elementor-element-3cd16c3 proG1 elementor-widget elementor-widget-progress\" data-id=\"3cd16c3\" data-element_type=\"widget\" data-e-type=\"widget\" data-widget_type=\"progress.default\">\n\t\t\t\t<div class=\"elementor-widget-container\">\n\t\t\t\t\t\n\t\t<div class=\"elementor-progress-wrapper\" role=\"progressbar\" aria-valuemin=\"0\" aria-valuemax=\"100\" aria-valuenow=\"83\">\n\t\t\t<div class=\"elementor-progress-bar\" data-max=\"83\">\n\t\t\t\t<span class=\"elementor-progress-text\"><\/span>\n\t\t\t\t\t\t\t<\/div>\n\t\t<\/div>\n\t\t\t\t\t\t<\/div>\n\t\t\t\t<\/div>\n\t\t\t\t\t<\/div>\n\t\t<\/div>\n\t\t\t\t\t<\/div>\n\t\t<\/section>\n\t\t\t\t\t<\/div>\n\t\t<\/div>\n\t\t\t\t\t<\/div>\n\t\t<\/section>\n\t\t\t\t<section class=\"elementor-section elementor-top-section elementor-element elementor-element-e99f099 elementor-section-full_width sectionBglingris1 elementor-section-height-default elementor-section-height-default\" data-id=\"e99f099\" data-element_type=\"section\" data-e-type=\"section\" data-settings=\"{&quot;background_background&quot;:&quot;gradient&quot;}\">\n\t\t\t\t\t\t<div class=\"elementor-container elementor-column-gap-default\">\n\t\t\t\t\t<div class=\"elementor-column elementor-col-100 elementor-top-column elementor-element elementor-element-4374d65\" data-id=\"4374d65\" data-element_type=\"column\" data-e-type=\"column\">\n\t\t\t<div class=\"elementor-widget-wrap elementor-element-populated\">\n\t\t\t\t\t\t<section class=\"elementor-section elementor-inner-section elementor-element elementor-element-a8face0 elementor-section-full_width elementor-section-height-default elementor-section-height-default\" data-id=\"a8face0\" data-element_type=\"section\" data-e-type=\"section\">\n\t\t\t\t\t\t<div class=\"elementor-container elementor-column-gap-default\">\n\t\t\t\t\t<div class=\"elementor-column elementor-col-100 elementor-inner-column elementor-element elementor-element-125bcdf animated-slow elementor-invisible\" data-id=\"125bcdf\" data-element_type=\"column\" data-e-type=\"column\" data-settings=\"{&quot;animation&quot;:&quot;fadeInRight&quot;}\">\n\t\t\t<div class=\"elementor-widget-wrap elementor-element-populated\">\n\t\t\t\t\t\t<div class=\"elementor-element elementor-element-30d4eb1 elementor-widget__width-auto elementor-widget-divider--view-line elementor-widget elementor-widget-divider\" data-id=\"30d4eb1\" data-element_type=\"widget\" data-e-type=\"widget\" data-widget_type=\"divider.default\">\n\t\t\t\t<div class=\"elementor-widget-container\">\n\t\t\t\t\t\t\t<div class=\"elementor-divider\">\n\t\t\t<span class=\"elementor-divider-separator\">\n\t\t\t\t\t\t<\/span>\n\t\t<\/div>\n\t\t\t\t\t\t<\/div>\n\t\t\t\t<\/div>\n\t\t\t\t<div class=\"elementor-element elementor-element-202a940 fnt35p elementor-widget__width-auto elementor-widget elementor-widget-heading\" data-id=\"202a940\" data-element_type=\"widget\" data-e-type=\"widget\" data-widget_type=\"heading.default\">\n\t\t\t\t<div class=\"elementor-widget-container\">\n\t\t\t\t\t<h3 class=\"elementor-heading-title elementor-size-default\">L\u2019ESSENTIEL<\/h3>\t\t\t\t<\/div>\n\t\t\t\t<\/div>\n\t\t\t\t<div class=\"elementor-element elementor-element-3eba6a5 elementor-widget elementor-widget-text-editor\" data-id=\"3eba6a5\" data-element_type=\"widget\" data-e-type=\"widget\" data-widget_type=\"text-editor.default\">\n\t\t\t\t<div class=\"elementor-widget-container\">\n\t\t\t\t\t\t\t\t\t<p>Pr\u00e8s de la moiti\u00e9 des employ\u00e9s ont b\u00e9n\u00e9fici\u00e9 d\u2019une formation au sein d\u2019Ultramaille, ce qui t\u00e9moigne d\u2019<strong>une volont\u00e9 d\u2019am\u00e9liorer le niveau de capital humain<\/strong> et d\u2019adopter des standards \u00e9lev\u00e9s. Avec pr\u00e8s de 1,5 formations en moyenne par employ\u00e9, les entreprises font des efforts significatifs pour former continuellement leur employ\u00e9s afin que leurs comp\u00e9tences \u00e9voluent.<\/p>\n\t\t\t\t\t\t\t\t<\/div>\n\t\t\t\t<\/div>\n\t\t\t\t\t<\/div>\n\t\t<\/div>\n\t\t\t\t\t<\/div>\n\t\t<\/section>\n\t\t\t\t\t<\/div>\n\t\t<\/div>\n\t\t\t\t\t<\/div>\n\t\t<\/section>\n\t\t\t\t<\/div>\n\t\t","protected":false},"excerpt":{"rendered":"<p>Plan de formation Formation Moins de la moiti\u00e9 des travailleurs ont d\u00e9j\u00e0 b\u00e9n\u00e9fici\u00e9 d\u2019une formation Une am\u00e9lioration continue du capital humain\u2026 70% des employ\u00e9s ont vu leurs missions \u00e9volu\u00e9 depuis leur arriv\u00e9e dans l\u2019entreprise 46% des employ\u00e9s ont b\u00e9n\u00e9fici\u00e9 d\u2019au moins une formation depuis leur arriv\u00e9e dans l\u2019entreprise 69% des employ\u00e9s ont suivi une formation&hellip;&nbsp;<\/p>\n","protected":false},"author":21,"featured_media":0,"parent":0,"menu_order":0,"comment_status":"closed","ping_status":"closed","template":"elementor_header_footer","meta":{"neve_meta_sidebar":"","neve_meta_container":"","neve_meta_enable_content_width":"off","neve_meta_content_width":100,"neve_meta_title_alignment":"","neve_meta_author_avatar":"","neve_post_elements_order":"","neve_meta_disable_header":"","neve_meta_disable_footer":"","neve_meta_disable_title":"","neve_meta_reading_time":"","footnotes":""},"class_list":["post-12925","page","type-page","status-publish","hentry"],"yoast_head":"<!-- This site is optimized with the Yoast SEO plugin v27.5 - https:\/\/yoast.com\/product\/yoast-seo-wordpress\/ -->\n<title>Plan de Formation - Ultramaille S.A | Usine textile de pull-overs<\/title>\n<meta name=\"robots\" content=\"index, follow, max-snippet:-1, max-image-preview:large, max-video-preview:-1\" \/>\n<link rel=\"canonical\" href=\"https:\/\/www.ultramaille.com\/mg\/plan-de-formation\/\" \/>\n<meta property=\"og:locale\" content=\"mg_MG\" \/>\n<meta property=\"og:type\" content=\"article\" \/>\n<meta property=\"og:title\" content=\"Plan de Formation - Ultramaille S.A | Usine textile de pull-overs\" \/>\n<meta property=\"og:description\" content=\"Plan de formation Formation Moins de la moiti\u00e9 des travailleurs ont d\u00e9j\u00e0 b\u00e9n\u00e9fici\u00e9 d\u2019une formation Une am\u00e9lioration continue du capital humain\u2026 70% des employ\u00e9s ont vu leurs missions \u00e9volu\u00e9 depuis leur arriv\u00e9e dans l\u2019entreprise 46% des employ\u00e9s ont b\u00e9n\u00e9fici\u00e9 d\u2019au moins une formation depuis leur arriv\u00e9e dans l\u2019entreprise 69% des employ\u00e9s ont suivi une formation&hellip;&nbsp;\" \/>\n<meta property=\"og:url\" content=\"https:\/\/www.ultramaille.com\/mg\/plan-de-formation\/\" \/>\n<meta property=\"og:site_name\" content=\"Ultramaille S.A | Usine textile de pull-overs\" \/>\n<meta property=\"article:modified_time\" content=\"2024-07-25T06:57:29+00:00\" \/>\n<meta property=\"og:image\" content=\"https:\/\/www.ultramaille.com\/wp-content\/uploads\/2022\/10\/Formation-1.jpg\" \/>\n\t<meta property=\"og:image:width\" content=\"843\" \/>\n\t<meta property=\"og:image:height\" content=\"563\" \/>\n\t<meta property=\"og:image:type\" content=\"image\/jpeg\" \/>\n<meta name=\"twitter:card\" content=\"summary_large_image\" \/>\n<meta name=\"twitter:label1\" content=\"Est. reading time\" \/>\n\t<meta name=\"twitter:data1\" content=\"1 minute\" \/>\n<script type=\"application\/ld+json\" class=\"yoast-schema-graph\">{\"@context\":\"https:\\\/\\\/schema.org\",\"@graph\":[{\"@type\":\"WebPage\",\"@id\":\"https:\\\/\\\/www.ultramaille.com\\\/mg\\\/plan-de-formation\\\/\",\"url\":\"https:\\\/\\\/www.ultramaille.com\\\/mg\\\/plan-de-formation\\\/\",\"name\":\"Plan de Formation - Ultramaille S.A | Usine textile de pull-overs\",\"isPartOf\":{\"@id\":\"https:\\\/\\\/www.ultramaille.com\\\/#website\"},\"primaryImageOfPage\":{\"@id\":\"https:\\\/\\\/www.ultramaille.com\\\/mg\\\/plan-de-formation\\\/#primaryimage\"},\"image\":{\"@id\":\"https:\\\/\\\/www.ultramaille.com\\\/mg\\\/plan-de-formation\\\/#primaryimage\"},\"thumbnailUrl\":\"https:\\\/\\\/www.ultramaille.com\\\/wp-content\\\/uploads\\\/2022\\\/10\\\/Formation-1.jpg\",\"datePublished\":\"2023-09-20T12:13:54+00:00\",\"dateModified\":\"2024-07-25T06:57:29+00:00\",\"breadcrumb\":{\"@id\":\"https:\\\/\\\/www.ultramaille.com\\\/mg\\\/plan-de-formation\\\/#breadcrumb\"},\"inLanguage\":\"mg\",\"potentialAction\":[{\"@type\":\"ReadAction\",\"target\":[\"https:\\\/\\\/www.ultramaille.com\\\/mg\\\/plan-de-formation\\\/\"]}]},{\"@type\":\"ImageObject\",\"inLanguage\":\"mg\",\"@id\":\"https:\\\/\\\/www.ultramaille.com\\\/mg\\\/plan-de-formation\\\/#primaryimage\",\"url\":\"https:\\\/\\\/www.ultramaille.com\\\/wp-content\\\/uploads\\\/2022\\\/10\\\/Formation-1.jpg\",\"contentUrl\":\"https:\\\/\\\/www.ultramaille.com\\\/wp-content\\\/uploads\\\/2022\\\/10\\\/Formation-1.jpg\"},{\"@type\":\"BreadcrumbList\",\"@id\":\"https:\\\/\\\/www.ultramaille.com\\\/mg\\\/plan-de-formation\\\/#breadcrumb\",\"itemListElement\":[{\"@type\":\"ListItem\",\"position\":1,\"name\":\"Accueil\",\"item\":\"https:\\\/\\\/www.ultramaille.com\\\/\"},{\"@type\":\"ListItem\",\"position\":2,\"name\":\"Plan de Formation\"}]},{\"@type\":\"WebSite\",\"@id\":\"https:\\\/\\\/www.ultramaille.com\\\/#website\",\"url\":\"https:\\\/\\\/www.ultramaille.com\\\/\",\"name\":\"Ultramaille S.A | Usine textile de pull-overs\",\"description\":\"Usine textile Madagascar\",\"publisher\":{\"@id\":\"https:\\\/\\\/www.ultramaille.com\\\/#organization\"},\"potentialAction\":[{\"@type\":\"SearchAction\",\"target\":{\"@type\":\"EntryPoint\",\"urlTemplate\":\"https:\\\/\\\/www.ultramaille.com\\\/?s={search_term_string}\"},\"query-input\":{\"@type\":\"PropertyValueSpecification\",\"valueRequired\":true,\"valueName\":\"search_term_string\"}}],\"inLanguage\":\"mg\"},{\"@type\":\"Organization\",\"@id\":\"https:\\\/\\\/www.ultramaille.com\\\/#organization\",\"name\":\"Ultramaille S.A | Usine textile de pull-overs\",\"url\":\"https:\\\/\\\/www.ultramaille.com\\\/\",\"logo\":{\"@type\":\"ImageObject\",\"inLanguage\":\"mg\",\"@id\":\"https:\\\/\\\/www.ultramaille.com\\\/#\\\/schema\\\/logo\\\/image\\\/\",\"url\":\"https:\\\/\\\/www.ultramaille.com\\\/wp-content\\\/uploads\\\/2022\\\/05\\\/logo-ultramaille-1.png\",\"contentUrl\":\"https:\\\/\\\/www.ultramaille.com\\\/wp-content\\\/uploads\\\/2022\\\/05\\\/logo-ultramaille-1.png\",\"width\":1563,\"height\":365,\"caption\":\"Ultramaille S.A | Usine textile de pull-overs\"},\"image\":{\"@id\":\"https:\\\/\\\/www.ultramaille.com\\\/#\\\/schema\\\/logo\\\/image\\\/\"}}]}<\/script>\n<!-- \/ Yoast SEO plugin. -->","yoast_head_json":{"title":"Plan de Formation - Ultramaille S.A | Usine textile de pull-overs","robots":{"index":"index","follow":"follow","max-snippet":"max-snippet:-1","max-image-preview":"max-image-preview:large","max-video-preview":"max-video-preview:-1"},"canonical":"https:\/\/www.ultramaille.com\/mg\/plan-de-formation\/","og_locale":"mg_MG","og_type":"article","og_title":"Plan de Formation - Ultramaille S.A | Usine textile de pull-overs","og_description":"Plan de formation Formation Moins de la moiti\u00e9 des travailleurs ont d\u00e9j\u00e0 b\u00e9n\u00e9fici\u00e9 d\u2019une formation Une am\u00e9lioration continue du capital humain\u2026 70% des employ\u00e9s ont vu leurs missions \u00e9volu\u00e9 depuis leur arriv\u00e9e dans l\u2019entreprise 46% des employ\u00e9s ont b\u00e9n\u00e9fici\u00e9 d\u2019au moins une formation depuis leur arriv\u00e9e dans l\u2019entreprise 69% des employ\u00e9s ont suivi une formation&hellip;&nbsp;","og_url":"https:\/\/www.ultramaille.com\/mg\/plan-de-formation\/","og_site_name":"Ultramaille S.A | Usine textile de pull-overs","article_modified_time":"2024-07-25T06:57:29+00:00","og_image":[{"width":843,"height":563,"url":"https:\/\/www.ultramaille.com\/wp-content\/uploads\/2022\/10\/Formation-1.jpg","type":"image\/jpeg"}],"twitter_card":"summary_large_image","twitter_misc":{"Est. reading time":"1 minute"},"schema":{"@context":"https:\/\/schema.org","@graph":[{"@type":"WebPage","@id":"https:\/\/www.ultramaille.com\/mg\/plan-de-formation\/","url":"https:\/\/www.ultramaille.com\/mg\/plan-de-formation\/","name":"Plan de Formation - Ultramaille S.A | Usine textile de pull-overs","isPartOf":{"@id":"https:\/\/www.ultramaille.com\/#website"},"primaryImageOfPage":{"@id":"https:\/\/www.ultramaille.com\/mg\/plan-de-formation\/#primaryimage"},"image":{"@id":"https:\/\/www.ultramaille.com\/mg\/plan-de-formation\/#primaryimage"},"thumbnailUrl":"https:\/\/www.ultramaille.com\/wp-content\/uploads\/2022\/10\/Formation-1.jpg","datePublished":"2023-09-20T12:13:54+00:00","dateModified":"2024-07-25T06:57:29+00:00","breadcrumb":{"@id":"https:\/\/www.ultramaille.com\/mg\/plan-de-formation\/#breadcrumb"},"inLanguage":"mg","potentialAction":[{"@type":"ReadAction","target":["https:\/\/www.ultramaille.com\/mg\/plan-de-formation\/"]}]},{"@type":"ImageObject","inLanguage":"mg","@id":"https:\/\/www.ultramaille.com\/mg\/plan-de-formation\/#primaryimage","url":"https:\/\/www.ultramaille.com\/wp-content\/uploads\/2022\/10\/Formation-1.jpg","contentUrl":"https:\/\/www.ultramaille.com\/wp-content\/uploads\/2022\/10\/Formation-1.jpg"},{"@type":"BreadcrumbList","@id":"https:\/\/www.ultramaille.com\/mg\/plan-de-formation\/#breadcrumb","itemListElement":[{"@type":"ListItem","position":1,"name":"Accueil","item":"https:\/\/www.ultramaille.com\/"},{"@type":"ListItem","position":2,"name":"Plan de Formation"}]},{"@type":"WebSite","@id":"https:\/\/www.ultramaille.com\/#website","url":"https:\/\/www.ultramaille.com\/","name":"Ultramaille S.A | Usine textile de pull-overs","description":"Usine textile Madagascar","publisher":{"@id":"https:\/\/www.ultramaille.com\/#organization"},"potentialAction":[{"@type":"SearchAction","target":{"@type":"EntryPoint","urlTemplate":"https:\/\/www.ultramaille.com\/?s={search_term_string}"},"query-input":{"@type":"PropertyValueSpecification","valueRequired":true,"valueName":"search_term_string"}}],"inLanguage":"mg"},{"@type":"Organization","@id":"https:\/\/www.ultramaille.com\/#organization","name":"Ultramaille S.A | Usine textile de pull-overs","url":"https:\/\/www.ultramaille.com\/","logo":{"@type":"ImageObject","inLanguage":"mg","@id":"https:\/\/www.ultramaille.com\/#\/schema\/logo\/image\/","url":"https:\/\/www.ultramaille.com\/wp-content\/uploads\/2022\/05\/logo-ultramaille-1.png","contentUrl":"https:\/\/www.ultramaille.com\/wp-content\/uploads\/2022\/05\/logo-ultramaille-1.png","width":1563,"height":365,"caption":"Ultramaille S.A | Usine textile de pull-overs"},"image":{"@id":"https:\/\/www.ultramaille.com\/#\/schema\/logo\/image\/"}}]}},"_links":{"self":[{"href":"https:\/\/www.ultramaille.com\/mg\/wp-json\/wp\/v2\/pages\/12925","targetHints":{"allow":["GET"]}}],"collection":[{"href":"https:\/\/www.ultramaille.com\/mg\/wp-json\/wp\/v2\/pages"}],"about":[{"href":"https:\/\/www.ultramaille.com\/mg\/wp-json\/wp\/v2\/types\/page"}],"author":[{"embeddable":true,"href":"https:\/\/www.ultramaille.com\/mg\/wp-json\/wp\/v2\/users\/21"}],"replies":[{"embeddable":true,"href":"https:\/\/www.ultramaille.com\/mg\/wp-json\/wp\/v2\/comments?post=12925"}],"version-history":[{"count":0,"href":"https:\/\/www.ultramaille.com\/mg\/wp-json\/wp\/v2\/pages\/12925\/revisions"}],"wp:attachment":[{"href":"https:\/\/www.ultramaille.com\/mg\/wp-json\/wp\/v2\/media?parent=12925"}],"curies":[{"name":"wp","href":"https:\/\/api.w.org\/{rel}","templated":true}]}}